{"id":84,"date":"2020-02-21T10:20:39","date_gmt":"2020-02-21T08:20:39","guid":{"rendered":"http:\/\/www.rplahtinen.fi\/?page_id=84"},"modified":"2020-02-25T15:56:13","modified_gmt":"2020-02-25T13:56:13","slug":"tyonjohto-ja-rakennusvalvonta","status":"publish","type":"page","link":"https:\/\/www.rplahtinen.fi\/sv\/rakennusurakointi\/tyonjohto-ja-rakennusvalvonta\/","title":{"rendered":"Arbetsledning och byggnadsinspektion"},"content":{"rendered":"<p>\nOlyckligtvis finns det inom byggnadsbranschen m\u00e5nga f\u00f6retag vars kvalitet inte motsvarar byggnadsf\u00f6reskrifter eller kundf\u00f6rv\u00e4ntningar. Enligt unders\u00f6kningar beror  st\u00f6rsta delen av byggnadsfelen p\u00e5 en bristande arbetsledning. I v\u00e5rt f\u00f6retag har arbetsledningen haft en central roll under hela v\u00e5r verksamhetstid. Vi utbildar och utvecklar v\u00e5r arbetsledning kontinuerligt f\u00f6r att s\u00e4kra h\u00f6ga arbetslednings-f\u00e4rdigheter b\u00e5de nu och i framtiden.\n<\/p>\n<p>\nByggservice Lahtinen har fungerat som ansvarig arbetsledare (m\u00e4stare) i otaliga sm\u00e5husobjekt. Vi har \u00e4ven fungerat som byggnadsinspekt\u00f6r i m\u00e5nga objekt och s\u00e4krat uppfyllandet av kundens f\u00f6rv\u00e4ntningar.\n<\/p>\n<p>\nVi erbjuder arbetslednings- och byggnadsinspektionstj\u00e4nster f\u00f6r b\u00e5de privata och offentliga kunder.\n<\/p>\n<p>\nI fr\u00e5gor g\u00e4llande arbetsledning och byggnadsinspektion kan Ni kontakta:\n<\/p>\n<p>\nJouko Lahtinen, GSM: 0400 729 681.\n<\/p>\n<p>\nKimmo Lahtinen, GSM: 040 587 5157.<\/p>\n","protected":false},"excerpt":{"rendered":"<p>Olyckligtvis finns det inom byggnadsbranschen m\u00e5nga f\u00f6retag vars kvalitet inte motsvarar byggnadsf\u00f6reskrifter eller kundf\u00f6rv\u00e4ntningar. Enligt unders\u00f6kningar beror st\u00f6rsta delen av byggnadsfelen p\u00e5 en bristande arbetsledning. I v\u00e5rt f\u00f6retag har arbetsledningen haft en central roll under hela v\u00e5r verksamhetstid. Vi utbildar och utvecklar v\u00e5r arbetsledning kontinuerligt f\u00f6r att s\u00e4kra h\u00f6ga arbetslednings-f\u00e4rdigheter b\u00e5de nu och i framtiden. [&hellip;]<\/p>\n","protected":false},"author":1,"featured_media":0,"parent":15,"menu_order":0,"comment_status":"closed","ping_status":"closed","template":"","meta":{"om_disable_all_campaigns":false,"_monsterinsights_skip_tracking":false,"_monsterinsights_sitenote_active":false,"_monsterinsights_sitenote_note":"","_monsterinsights_sitenote_category":0,"_uf_show_specific_survey":0,"_uf_disable_surveys":false,"footnotes":""},"translation":{"provider":"WPGlobus","version":"2.12.2","language":"sv","enabled_languages":["fi","sv"],"languages":{"fi":{"title":true,"content":true,"excerpt":false},"sv":{"title":true,"content":true,"excerpt":false}}},"aioseo_notices":[],"_links":{"self":[{"href":"https:\/\/www.rplahtinen.fi\/sv\/wp-json\/wp\/v2\/pages\/84"}],"collection":[{"href":"https:\/\/www.rplahtinen.fi\/sv\/wp-json\/wp\/v2\/pages"}],"about":[{"href":"https:\/\/www.rplahtinen.fi\/sv\/wp-json\/wp\/v2\/types\/page"}],"author":[{"embeddable":true,"href":"https:\/\/www.rplahtinen.fi\/sv\/wp-json\/wp\/v2\/users\/1"}],"replies":[{"embeddable":true,"href":"https:\/\/www.rplahtinen.fi\/sv\/wp-json\/wp\/v2\/comments?post=84"}],"version-history":[{"count":5,"href":"https:\/\/www.rplahtinen.fi\/sv\/wp-json\/wp\/v2\/pages\/84\/revisions"}],"predecessor-version":[{"id":148,"href":"https:\/\/www.rplahtinen.fi\/sv\/wp-json\/wp\/v2\/pages\/84\/revisions\/148"}],"up":[{"embeddable":true,"href":"https:\/\/www.rplahtinen.fi\/sv\/wp-json\/wp\/v2\/pages\/15"}],"wp:attachment":[{"href":"https:\/\/www.rplahtinen.fi\/sv\/wp-json\/wp\/v2\/media?parent=84"}],"curies":[{"name":"wp","href":"https:\/\/api.w.org\/{rel}","templated":true}]}}