{"id":81,"date":"2020-02-21T10:17:57","date_gmt":"2020-02-21T08:17:57","guid":{"rendered":"http:\/\/www.rplahtinen.fi\/?page_id=81"},"modified":"2020-02-25T15:55:31","modified_gmt":"2020-02-25T13:55:31","slug":"rakennuslaskenta","status":"publish","type":"page","link":"https:\/\/www.rplahtinen.fi\/sv\/rakennusurakointi\/rakennuslaskenta\/","title":{"rendered":"Byggnadsber\u00e4kning"},"content":{"rendered":"<p>\nVi anv\u00e4nder byggnadsber\u00e4kningsprogram som en grund i v\u00e5r verksamhet. Med dessa program kan vi ber\u00e4kna kostnaderna f\u00f6r byggnadsprojekt och byggnadsentreprenader detaljerat och noggrant. Vi erbjuder byggber\u00e4kningstj\u00e4nster b\u00e5de f\u00f6r privata kunder och f\u00f6r byggf\u00f6retag.\n<\/p>\n<p>\nVi erbjuder byggnadsber\u00e4kning f\u00f6r nybyggen, saneringsobjekt samt korrigering av byggnadsfel. Byggservice Lahtinens l\u00e5nga erfarenhet och breda byggprojektbakgrund g\u00f6r det m\u00f6jligt att estimera kostnaderna noggrant \u00e4ven i speciellt sv\u00e5ra byggobjekt som sjukhus.\n<\/p>\n<p>\nI fr\u00e5gor g\u00e4llande byggnadsber\u00e4kning kan Ni kontakta:\n<\/p>\n<p>\nKimmo Lahtinen, GSM: 040 587 5157.<\/p>\n","protected":false},"excerpt":{"rendered":"<p>Vi anv\u00e4nder byggnadsber\u00e4kningsprogram som en grund i v\u00e5r verksamhet. Med dessa program kan vi ber\u00e4kna kostnaderna f\u00f6r byggnadsprojekt och byggnadsentreprenader detaljerat och noggrant. Vi erbjuder byggber\u00e4kningstj\u00e4nster b\u00e5de f\u00f6r privata kunder och f\u00f6r byggf\u00f6retag. Vi erbjuder byggnadsber\u00e4kning f\u00f6r nybyggen, saneringsobjekt samt korrigering av byggnadsfel. Byggservice Lahtinens l\u00e5nga erfarenhet och breda byggprojektbakgrund g\u00f6r det m\u00f6jligt att estimera [&hellip;]<\/p>\n","protected":false},"author":1,"featured_media":0,"parent":15,"menu_order":0,"comment_status":"closed","ping_status":"closed","template":"","meta":{"om_disable_all_campaigns":false,"_monsterinsights_skip_tracking":false,"_monsterinsights_sitenote_active":false,"_monsterinsights_sitenote_note":"","_monsterinsights_sitenote_category":0,"_uf_show_specific_survey":0,"_uf_disable_surveys":false,"footnotes":""},"translation":{"provider":"WPGlobus","version":"2.12.2","language":"sv","enabled_languages":["fi","sv"],"languages":{"fi":{"title":true,"content":true,"excerpt":false},"sv":{"title":true,"content":true,"excerpt":false}}},"aioseo_notices":[],"_links":{"self":[{"href":"https:\/\/www.rplahtinen.fi\/sv\/wp-json\/wp\/v2\/pages\/81"}],"collection":[{"href":"https:\/\/www.rplahtinen.fi\/sv\/wp-json\/wp\/v2\/pages"}],"about":[{"href":"https:\/\/www.rplahtinen.fi\/sv\/wp-json\/wp\/v2\/types\/page"}],"author":[{"embeddable":true,"href":"https:\/\/www.rplahtinen.fi\/sv\/wp-json\/wp\/v2\/users\/1"}],"replies":[{"embeddable":true,"href":"https:\/\/www.rplahtinen.fi\/sv\/wp-json\/wp\/v2\/comments?post=81"}],"version-history":[{"count":5,"href":"https:\/\/www.rplahtinen.fi\/sv\/wp-json\/wp\/v2\/pages\/81\/revisions"}],"predecessor-version":[{"id":219,"href":"https:\/\/www.rplahtinen.fi\/sv\/wp-json\/wp\/v2\/pages\/81\/revisions\/219"}],"up":[{"embeddable":true,"href":"https:\/\/www.rplahtinen.fi\/sv\/wp-json\/wp\/v2\/pages\/15"}],"wp:attachment":[{"href":"https:\/\/www.rplahtinen.fi\/sv\/wp-json\/wp\/v2\/media?parent=81"}],"curies":[{"name":"wp","href":"https:\/\/api.w.org\/{rel}","templated":true}]}}