{"id":78,"date":"2020-02-21T10:13:49","date_gmt":"2020-02-21T08:13:49","guid":{"rendered":"http:\/\/www.rplahtinen.fi\/?page_id=78"},"modified":"2020-02-25T15:55:49","modified_gmt":"2020-02-25T13:55:49","slug":"projektinjohto","status":"publish","type":"page","link":"https:\/\/www.rplahtinen.fi\/sv\/rakennusurakointi\/projektinjohto\/","title":{"rendered":"Projektledning"},"content":{"rendered":"<p>\nByggprojektledning \u00e4r en kr\u00e4vande helhet speciellt i st\u00f6rre byggnadsobjekt, d\u00e4r det finns en stor m\u00e4ngd leverant\u00f6rer, entrepren\u00f6rer och underentrepren\u00f6rer.  V\u00e5r nyckelpersonal har mer \u00e4n 30 \u00e5rs erfarenhet av ledning och administrering av byggprojekt. Vi har en gedigen kompetens att leda byggprojekt i sjukshusmilj\u00f6er.\n<\/p>\n<p>\nI fr\u00e5gor g\u00e4llande byggprojektledning kan Ni kontakta:\n<\/p>\n<p>\nJouko Lahtinen GSM 0400 729 681<\/p>\n","protected":false},"excerpt":{"rendered":"<p>Byggprojektledning \u00e4r en kr\u00e4vande helhet speciellt i st\u00f6rre byggnadsobjekt, d\u00e4r det finns en stor m\u00e4ngd leverant\u00f6rer, entrepren\u00f6rer och underentrepren\u00f6rer. V\u00e5r nyckelpersonal har mer \u00e4n 30 \u00e5rs erfarenhet av ledning och administrering av byggprojekt. Vi har en gedigen kompetens att leda byggprojekt i sjukshusmilj\u00f6er. I fr\u00e5gor g\u00e4llande byggprojektledning kan Ni kontakta: Jouko Lahtinen GSM 0400 729 [&hellip;]<\/p>\n","protected":false},"author":1,"featured_media":0,"parent":15,"menu_order":0,"comment_status":"closed","ping_status":"closed","template":"","meta":{"om_disable_all_campaigns":false,"_monsterinsights_skip_tracking":false,"_monsterinsights_sitenote_active":false,"_monsterinsights_sitenote_note":"","_monsterinsights_sitenote_category":0,"_uf_show_specific_survey":0,"_uf_disable_surveys":false,"footnotes":""},"translation":{"provider":"WPGlobus","version":"2.12.2","language":"sv","enabled_languages":["fi","sv"],"languages":{"fi":{"title":true,"content":true,"excerpt":false},"sv":{"title":true,"content":true,"excerpt":false}}},"aioseo_notices":[],"_links":{"self":[{"href":"https:\/\/www.rplahtinen.fi\/sv\/wp-json\/wp\/v2\/pages\/78"}],"collection":[{"href":"https:\/\/www.rplahtinen.fi\/sv\/wp-json\/wp\/v2\/pages"}],"about":[{"href":"https:\/\/www.rplahtinen.fi\/sv\/wp-json\/wp\/v2\/types\/page"}],"author":[{"embeddable":true,"href":"https:\/\/www.rplahtinen.fi\/sv\/wp-json\/wp\/v2\/users\/1"}],"replies":[{"embeddable":true,"href":"https:\/\/www.rplahtinen.fi\/sv\/wp-json\/wp\/v2\/comments?post=78"}],"version-history":[{"count":5,"href":"https:\/\/www.rplahtinen.fi\/sv\/wp-json\/wp\/v2\/pages\/78\/revisions"}],"predecessor-version":[{"id":147,"href":"https:\/\/www.rplahtinen.fi\/sv\/wp-json\/wp\/v2\/pages\/78\/revisions\/147"}],"up":[{"embeddable":true,"href":"https:\/\/www.rplahtinen.fi\/sv\/wp-json\/wp\/v2\/pages\/15"}],"wp:attachment":[{"href":"https:\/\/www.rplahtinen.fi\/sv\/wp-json\/wp\/v2\/media?parent=78"}],"curies":[{"name":"wp","href":"https:\/\/api.w.org\/{rel}","templated":true}]}}