{"id":70,"date":"2020-02-21T10:04:44","date_gmt":"2020-02-21T08:04:44","guid":{"rendered":"http:\/\/www.rplahtinen.fi\/?page_id=70"},"modified":"2020-02-25T16:09:31","modified_gmt":"2020-02-25T14:09:31","slug":"organisaatio","status":"publish","type":"page","link":"https:\/\/www.rplahtinen.fi\/sv\/yritysesittely\/organisaatio\/","title":{"rendered":"Organisation"},"content":{"rendered":"<p>I Byggservice Lahtinen Ab finns en gedigen grupp av byggnadskompetens. Organisationens nyckelpersoner \u00e4r presenterade nedan. F\u00f6rutom nyckelpersonerna best\u00e5r v\u00e5r organisation av byggnadsspecialister inom olika byggomr\u00e5den. Beroende p\u00e5 byggprojekt v\u00e4ljer vi alltid den b\u00e4sta gruppsammans\u00e4ttningen f\u00f6r kunden.<\/p>\n<p>Jouko Lahtinen \u00e4r utbildad byggm\u00e4stare och han har \u00f6ver 30 \u00e5rs erfarenhet av byggande. Jouko handskar v\u00e4ldigt kr\u00e4vande byggnadsprojekt och dess helhetsentreprenader effektivt och ekonomiskt. Jouko har en gedigen erfarenhet som arbetsledare. Vidare har han verkat som byggnadsinspekt\u00f6r i m\u00e5nga byggobjekt. Jouko \u00e4r den r\u00e4tta kontaktpersonen i stora byggnadsprojekt vars v\u00e4rde \u00f6verskrider 1 miljon euro.<\/p>\n<p>Kimmo Lahtinen blir klar med sin byggm\u00e4starexamen under slutet av 2010. Innan byggm\u00e4starutblidningen arbetade Kimmo inom olika byggnadsarbetsuppgifter under 15 \u00e5rs tid. De senaste \u00e5ren har Kimmo koncentrerat sig p\u00e5 arbetsledning. Kimmo svarar \u00e4ven f\u00f6r ber\u00e4kningen av entreprenader och \u00e4r den r\u00e4tta kontaktpersonen i mindre byggobjekt, vars v\u00e4rde underskrider en miljon euro.<\/p>\n","protected":false},"excerpt":{"rendered":"<p>I Byggservice Lahtinen Ab finns en gedigen grupp av byggnadskompetens. Organisationens nyckelpersoner \u00e4r presenterade nedan. F\u00f6rutom nyckelpersonerna best\u00e5r v\u00e5r organisation av byggnadsspecialister inom olika byggomr\u00e5den. Beroende p\u00e5 byggprojekt v\u00e4ljer vi alltid den b\u00e4sta gruppsammans\u00e4ttningen f\u00f6r kunden. Jouko Lahtinen \u00e4r utbildad byggm\u00e4stare och han har \u00f6ver 30 \u00e5rs erfarenhet av byggande. Jouko handskar v\u00e4ldigt kr\u00e4vande byggnadsprojekt [&hellip;]<\/p>\n","protected":false},"author":1,"featured_media":0,"parent":12,"menu_order":0,"comment_status":"closed","ping_status":"closed","template":"","meta":{"om_disable_all_campaigns":false,"_monsterinsights_skip_tracking":false,"_monsterinsights_sitenote_active":false,"_monsterinsights_sitenote_note":"","_monsterinsights_sitenote_category":0,"_uf_show_specific_survey":0,"_uf_disable_surveys":false,"footnotes":""},"translation":{"provider":"WPGlobus","version":"2.12.2","language":"sv","enabled_languages":["fi","sv"],"languages":{"fi":{"title":true,"content":true,"excerpt":false},"sv":{"title":true,"content":true,"excerpt":false}}},"aioseo_notices":[],"_links":{"self":[{"href":"https:\/\/www.rplahtinen.fi\/sv\/wp-json\/wp\/v2\/pages\/70"}],"collection":[{"href":"https:\/\/www.rplahtinen.fi\/sv\/wp-json\/wp\/v2\/pages"}],"about":[{"href":"https:\/\/www.rplahtinen.fi\/sv\/wp-json\/wp\/v2\/types\/page"}],"author":[{"embeddable":true,"href":"https:\/\/www.rplahtinen.fi\/sv\/wp-json\/wp\/v2\/users\/1"}],"replies":[{"embeddable":true,"href":"https:\/\/www.rplahtinen.fi\/sv\/wp-json\/wp\/v2\/comments?post=70"}],"version-history":[{"count":3,"href":"https:\/\/www.rplahtinen.fi\/sv\/wp-json\/wp\/v2\/pages\/70\/revisions"}],"predecessor-version":[{"id":150,"href":"https:\/\/www.rplahtinen.fi\/sv\/wp-json\/wp\/v2\/pages\/70\/revisions\/150"}],"up":[{"embeddable":true,"href":"https:\/\/www.rplahtinen.fi\/sv\/wp-json\/wp\/v2\/pages\/12"}],"wp:attachment":[{"href":"https:\/\/www.rplahtinen.fi\/sv\/wp-json\/wp\/v2\/media?parent=70"}],"curies":[{"name":"wp","href":"https:\/\/api.w.org\/{rel}","templated":true}]}}