{"id":12,"date":"2020-02-16T12:21:11","date_gmt":"2020-02-16T12:21:11","guid":{"rendered":"http:\/\/www.rplahtinen.fi\/?page_id=12"},"modified":"2020-09-11T16:03:18","modified_gmt":"2020-09-11T14:03:18","slug":"yritysesittely","status":"publish","type":"page","link":"https:\/\/www.rplahtinen.fi\/sv\/","title":{"rendered":"F\u00f6retagspresentation"},"content":{"rendered":"<p>Byggservice Lahtinen \u00e4r ett erfaret och traditionellt f\u00f6retag, vars r\u00f6tter str\u00e4cker sig tre generationer bak\u00e5t. F\u00f6retaget \u00e4r k\u00e4nt som en p\u00e5litlig samarbetspartner och verkst\u00e4llare av ansenliga byggprojekt.<\/p>\n<p>V\u00e5r styrka \u00e4r ett m\u00e5ngsidigt kunnande av byggbranschen. Genom erfarenhet har vi f\u00e5tt en insikt om hur byggnadsprojekt b\u00f6r genomf\u00f6ras.<\/p>\n<p>Under \u00e5rens lopp har vi byggt allt fr\u00e5n utehus till operationsavdelningar p\u00e5 sjukhus. F\u00f6r personkunder har vi byggt egnahemshus, semesterbost\u00e4der och radhus och dessa typer av byggnadsobjekt \u00e4r en central del av v\u00e5r verksamhet. Offentliga institutioner \u00e4r ocks\u00e5 en viktig kundgrupp. Vi har samarbetat mycket med bl a HNS in Eken\u00e4s omr\u00e5det och t ex genomf\u00f6rt byggprojekt f\u00f6r centralssjukhuset och psykiatriska sjukhuset. En av den senaste tidens betydande byggprojekt har t ex varit renovering av f\u00f6rlossningsavdelningen p\u00e5 V\u00e4stra Nylands sjukhus.<\/p>\n","protected":false},"excerpt":{"rendered":"<p>Byggservice Lahtinen \u00e4r ett erfaret och traditionellt f\u00f6retag, vars r\u00f6tter str\u00e4cker sig tre generationer bak\u00e5t. F\u00f6retaget \u00e4r k\u00e4nt som en p\u00e5litlig samarbetspartner och verkst\u00e4llare av ansenliga byggprojekt. V\u00e5r styrka \u00e4r ett m\u00e5ngsidigt kunnande av byggbranschen. Genom erfarenhet har vi f\u00e5tt en insikt om hur byggnadsprojekt b\u00f6r genomf\u00f6ras. Under \u00e5rens lopp har vi byggt allt fr\u00e5n [&hellip;]<\/p>\n","protected":false},"author":1,"featured_media":0,"parent":0,"menu_order":0,"comment_status":"closed","ping_status":"closed","template":"","meta":{"om_disable_all_campaigns":false,"_monsterinsights_skip_tracking":false,"_monsterinsights_sitenote_active":false,"_monsterinsights_sitenote_note":"","_monsterinsights_sitenote_category":0,"_uf_show_specific_survey":0,"_uf_disable_surveys":false,"footnotes":""},"translation":{"provider":"WPGlobus","version":"2.12.2","language":"sv","enabled_languages":["fi","sv"],"languages":{"fi":{"title":true,"content":true,"excerpt":false},"sv":{"title":true,"content":true,"excerpt":false}}},"aioseo_notices":[],"_links":{"self":[{"href":"https:\/\/www.rplahtinen.fi\/sv\/wp-json\/wp\/v2\/pages\/12"}],"collection":[{"href":"https:\/\/www.rplahtinen.fi\/sv\/wp-json\/wp\/v2\/pages"}],"about":[{"href":"https:\/\/www.rplahtinen.fi\/sv\/wp-json\/wp\/v2\/types\/page"}],"author":[{"embeddable":true,"href":"https:\/\/www.rplahtinen.fi\/sv\/wp-json\/wp\/v2\/users\/1"}],"replies":[{"embeddable":true,"href":"https:\/\/www.rplahtinen.fi\/sv\/wp-json\/wp\/v2\/comments?post=12"}],"version-history":[{"count":4,"href":"https:\/\/www.rplahtinen.fi\/sv\/wp-json\/wp\/v2\/pages\/12\/revisions"}],"predecessor-version":[{"id":241,"href":"https:\/\/www.rplahtinen.fi\/sv\/wp-json\/wp\/v2\/pages\/12\/revisions\/241"}],"wp:attachment":[{"href":"https:\/\/www.rplahtinen.fi\/sv\/wp-json\/wp\/v2\/media?parent=12"}],"curies":[{"name":"wp","href":"https:\/\/api.w.org\/{rel}","templated":true}]}}